{"id":156,"date":"2026-03-08T12:05:41","date_gmt":"2026-03-08T12:05:41","guid":{"rendered":"https:\/\/almahab.store\/?page_id=156"},"modified":"2026-03-09T22:04:15","modified_gmt":"2026-03-09T22:04:15","slug":"%d8%a7%d9%84%d9%85%d8%af%d9%88%d9%86%d8%a9","status":"publish","type":"page","link":"https:\/\/almahab.store\/en\/%d8%a7%d9%84%d9%85%d8%af%d9%88%d9%86%d8%a9\/","title":{"rendered":"\u0627\u0644\u0645\u062f\u0648\u0646\u0629"},"content":{"rendered":"<div data-elementor-type=\"wp-page\" data-elementor-id=\"156\" class=\"elementor elementor-156\" data-elementor-settings=\"{&quot;scroll_snap&quot;:&quot;yes&quot;}\" data-elementor-post-type=\"page\">\n\t\t\t\t<div class=\"elementor-element elementor-element-1d5d4ac e-con-full e-flex e-con e-parent\" data-id=\"1d5d4ac\" data-element_type=\"container\" data-e-type=\"container\">\n\t\t\t\t<div class=\"elementor-element elementor-element-14139a7 elementor-widget elementor-widget-html\" data-id=\"14139a7\" data-element_type=\"widget\" data-e-type=\"widget\" data-widget_type=\"html.default\">\n\t\t\t\t\t<!DOCTYPE html>\r\n<html lang=\"ar\" dir=\"rtl\">\r\n<head>\r\n    <meta charset=\"UTF-8\">\r\n    <meta name=\"viewport\" content=\"width=device-width, initial-scale=1.0\">\r\n    <title>\u0627\u0644\u0645\u062f\u0648\u0646\u0629<\/title>\r\n    \r\n    <!-- \u0627\u0644\u062e\u0637\u0648\u0637 -->\r\n    <link rel=\"preconnect\" href=\"https:\/\/fonts.googleapis.com\">\r\n    <link rel=\"preconnect\" href=\"https:\/\/fonts.gstatic.com\" crossorigin>\r\n    <link href=\"https:\/\/fonts.googleapis.com\/css2?family=Inter:wght@300;400;700&family=Tajawal:wght@300;400;500;700;800&display=swap\" rel=\"stylesheet\">\r\n\r\n    <style>\r\n        :root {\r\n            --hero-bg-color: #000000;\r\n            --hero-overlay-opacity: 0.85;\r\n\r\n            --color-breadcrumb: #a0a0a0;\r\n            --color-breadcrumb-separator: #ffffff;\r\n            --color-tagline: #ffffff;\r\n            --color-title: #ffffff;\r\n            --color-description: #ffffff;\r\n\r\n            --size-breadcrumb: 11px;\r\n            --size-tagline: 12px;\r\n            --size-title: 38px;\r\n            --size-description: 15px;\r\n            --size-btn-text: 13px;\r\n\r\n            --btn-primary-bg: #ffffff;\r\n            --btn-primary-text: #000000;\r\n            --btn-primary-border: #ffffff;\r\n            \r\n            --btn-primary-hover-bg: transparent;\r\n            --btn-primary-hover-text: #ffffff;\r\n            --btn-primary-hover-border: #ffffff;\r\n\r\n            --btn-secondary-bg: transparent;\r\n            --btn-secondary-text: #ffffff;\r\n            --btn-secondary-border: rgba(255, 255, 255, 0.2);\r\n\r\n            --btn-secondary-hover-bg: rgba(255, 255, 255, 0.05);\r\n            --btn-secondary-hover-text: #ffffff;\r\n            --btn-secondary-hover-border: #ffffff;\r\n\r\n            --font-main: 'Tajawal', sans-serif;\r\n            --font-numbers: 'Inter', sans-serif;\r\n        }\r\n\r\n        * {\r\n            margin: 0;\r\n            padding: 0;\r\n            box-sizing: border-box;\r\n        }\r\n\r\n        html, body {\r\n            height: 100%;\r\n            scroll-snap-type: y mandatory;\r\n        }\r\n\r\n        body {\r\n            background-color: var(--hero-bg-color);\r\n            font-family: var(--font-main);\r\n            overflow-x: hidden;\r\n        }\r\n\r\n        .hero {\r\n            position: relative;\r\n            width: 100%;\r\n            height: 100vh;\r\n            display: flex;\r\n            align-items: center;\r\n            background:\r\n                linear-gradient(rgba(0, 0, 0, 0.55), rgba(0, 0, 0, 0.55)),\r\n                url('http:\/\/almahab.store\/wp-content\/uploads\/2026\/03\/%d9%87%d9%8a%d8%af%d8%b1-%d8%a7%d9%84%d9%85%d8%af%d9%88%d9%86%d8%a9.webp');\r\n            background-size: cover;\r\n            background-position: center center;\r\n            background-repeat: no-repeat;\r\n            scroll-snap-align: start;\r\n            scroll-snap-stop: always;\r\n        }\r\n\r\n        .hero-container {\r\n            width: 100%;\r\n            max-width: 1400px;\r\n            margin: 0 auto;\r\n            padding: 0 8%;\r\n            z-index: 10;\r\n        }\r\n\r\n        .tagline {\r\n            display: block;\r\n            font-size: var(--size-tagline);\r\n            color: var(--color-tagline);\r\n            font-weight: 700;\r\n            text-transform: uppercase;\r\n            letter-spacing: 2px;\r\n            margin-bottom: 15px;\r\n            border-right: 2px solid var(--color-tagline);\r\n            padding-right: 15px;\r\n        }\r\n\r\n        .title {\r\n            font-size: var(--size-title);\r\n            color: var(--color-title);\r\n            font-weight: 800;\r\n            max-width: 750px;\r\n            margin-bottom: 20px;\r\n            line-height: 1.25;\r\n        }\r\n\r\n        .description {\r\n            font-size: var(--size-description);\r\n            color: var(--color-description);\r\n            max-width: 580px;\r\n            margin-bottom: 45px;\r\n            font-weight: 300;\r\n            line-height: 1.7em;\r\n        }\r\n\r\n        .actions {\r\n            display: flex;\r\n            gap: 16px;\r\n        }\r\n\r\n        .btn {\r\n            padding: 14px 32px;\r\n            font-size: var(--size-btn-text);\r\n            font-weight: 600;\r\n            text-decoration: none;\r\n            transition: all 0.3s ease-in-out;\r\n            display: inline-flex;\r\n            align-items: center;\r\n            justify-content: center;\r\n            cursor: pointer;\r\n            border: 1px solid transparent;\r\n        }\r\n\r\n        .btn-primary {\r\n            background-color: var(--btn-primary-bg);\r\n            color: var(--btn-primary-text);\r\n            border-color: var(--btn-primary-border);\r\n        }\r\n\r\n        .btn-primary:hover {\r\n            background-color: var(--btn-primary-hover-bg);\r\n            color: var(--btn-primary-hover-text);\r\n            border-color: var(--btn-primary-hover-border);\r\n        }\r\n\r\n        .btn-secondary {\r\n            background-color: var(--btn-secondary-bg);\r\n            color: var(--btn-secondary-text);\r\n            border-color: var(--btn-secondary-border);\r\n        }\r\n\r\n        .btn-secondary:hover {\r\n            background-color: var(--btn-secondary-hover-bg);\r\n            color: var(--btn-secondary-hover-text);\r\n            border-color: var(--btn-secondary-hover-border);\r\n        }\r\n\r\n        @media (max-width: 768px) {\r\n            .hero {\r\n                background-position: center center;\r\n                text-align: center;\r\n                justify-content: center;\r\n            }\r\n            .description {\r\n                font-size: 14px;\r\n            }\r\n            .hero-container {\r\n                padding: 0 5%;\r\n            }\r\n            .title {\r\n                font-size: 20px;\r\n                line-height: 1.7em;\r\n            }\r\n            .tagline {\r\n                border-right: none;\r\n                padding-right: 0;\r\n            }\r\n            .actions {\r\n                flex-direction: column;\r\n                align-items: stretch;\r\n            }\r\n        }\r\n    <\/style>\r\n<\/head>\r\n<body>\r\n\r\n    <section class=\"hero\">\r\n        <div class=\"hero-container\">\r\n            <span class=\"tagline\">\u0631\u0624\u0649 \u0648\u0623\u0641\u0643\u0627\u0631 \u0648\u062e\u0628\u0631\u0627\u062a<\/span>\r\n\r\n            <h1 class=\"title\">\u0627\u0644\u0645\u062f\u0648\u0646\u0629 \u0627\u0644\u062a\u064a \u062a\u062c\u0645\u0639 \u0628\u064a\u0646 \u0627\u0644\u0645\u0639\u0631\u0641\u0629 \u0627\u0644\u0645\u0647\u0646\u064a\u0629 \u0648\u0627\u0644\u0625\u0644\u0647\u0627\u0645 \u0627\u0644\u0639\u0645\u0644\u064a<\/h1>\r\n\r\n            <p class=\"description\">\r\n                \u0641\u064a \u0645\u062f\u0648\u0646\u062a\u0646\u0627 \u0646\u0634\u0627\u0631\u0643 \u0623\u062d\u062f\u062b \u0627\u0644\u0645\u0642\u0627\u0644\u0627\u062a \u0648\u0627\u0644\u0631\u0624\u0649 \u0627\u0644\u0645\u062a\u0639\u0644\u0642\u0629 \u0628\u0627\u0644\u062a\u0635\u0645\u064a\u0645\u060c \u0648\u0627\u0644\u062a\u0646\u0641\u064a\u0630\u060c \u0648\u0627\u0644\u062a\u0637\u0648\u064a\u0631\u060c \u0648\u0627\u062a\u062c\u0627\u0647\u0627\u062a \u0627\u0644\u0633\u0648\u0642\u060c \u0644\u0646\u0645\u0646\u062d\u0643 \u0645\u062d\u062a\u0648\u0649 \u062b\u0631\u064a\u064b\u0627 \u064a\u0633\u0627\u0639\u062f\u0643 \u0639\u0644\u0649 \u0641\u0647\u0645 \u0623\u0639\u0645\u0642 \u0644\u0644\u0645\u0634\u0631\u0648\u0639\u0627\u062a\u060c \u0648\u0627\u0644\u0642\u0631\u0627\u0631\u0627\u062a \u0627\u0644\u0647\u0646\u062f\u0633\u064a\u0629\u060c \u0648\u0627\u0644\u062d\u0644\u0648\u0644 \u0627\u0644\u0625\u0628\u062f\u0627\u0639\u064a\u0629 \u0627\u0644\u062a\u064a \u062a\u0635\u0646\u0639 \u0627\u0644\u0641\u0631\u0642 \u0641\u064a \u0643\u0644 \u0645\u0631\u062d\u0644\u0629.\r\n            <\/p>\r\n\r\n            <div class=\"actions\">\r\n                <a href=\"#1\" class=\"btn btn-primary\">\u0627\u0633\u062a\u0643\u0634\u0641 \u0623\u062d\u062f\u062b \u0627\u0644\u0645\u0642\u0627\u0644\u0627\u062a<\/a>\r\n                <a href=\"https:\/\/almahab.store\/en\/%d9%85%d8%b9%d9%84%d9%88%d9%85%d8%a7%d8%aa%d9%86%d8%a7\/\" class=\"btn btn-secondary\">\u0627\u0642\u0631\u0623 \u0627\u0644\u0645\u0632\u064a\u062f \u0645\u0646 \u0627\u0644\u0631\u0624\u0649<\/a>\r\n            <\/div>\r\n        <\/div>\r\n    <\/section>\r\n\r\n<\/body>\r\n<\/html>\t\t\t\t<\/div>\n\t\t\t\t<div class=\"elementor-element elementor-element-997139a elementor-widget elementor-widget-shortcode\" data-id=\"997139a\" data-element_type=\"widget\" data-e-type=\"widget\" id=\"1\" data-widget_type=\"shortcode.default\">\n\t\t\t\t\t\t\t<div class=\"elementor-shortcode\">\n    <link href=\"https:\/\/fonts.googleapis.com\/css2?family=Tajawal:wght@400;500;700;800;900&display=swap\" rel=\"stylesheet\">\n    <link rel=\"stylesheet\" href=\"https:\/\/cdnjs.cloudflare.com\/ajax\/libs\/font-awesome\/6.4.0\/css\/all.min.css\">\n\n    <style>\n        .modern-blog-wrapper {\n            direction: rtl !important;\n            font-family: 'Tajawal', sans-serif !important;\n            display: grid;\n            grid-template-columns: repeat(auto-fit, minmax(380px, 1fr));\n            gap: 50px;\n            max-width: 1300px;\n            margin: 60px auto;\n            padding: 0 25px;\n        }\n\n        .m-blog-card {\n            position: relative;\n            background: #ffffff;\n            text-decoration: none !important;\n            transition: all 0.5s cubic-bezier(0.19, 1, 0.22, 1);\n            display: flex;\n            flex-direction: column;\n        }\n\n        \/* \u062d\u0627\u0648\u064a\u0629 \u0627\u0644\u0635\u0648\u0631\u0629 \u0645\u0639 \u0625\u0637\u0627\u0631 \u0648\u0647\u0645\u064a *\/\n        .m-img-container {\n            position: relative;\n            width: 100%;\n            height: 300px;\n            overflow: hidden;\n            background: #000;\n        }\n\n        .m-img-container img {\n            width: 100%;\n            height: 100%;\n            object-fit: cover;\n            filter: grayscale(100%); \/* \u0627\u0644\u0628\u062f\u0627\u064a\u0629 \u0623\u0628\u064a\u0636 \u0648\u0623\u0633\u0648\u062f \u0644\u0641\u062e\u0627\u0645\u0629 \u0623\u0643\u062b\u0631 *\/\n            transition: all 0.7s ease;\n            opacity: 0.85;\n        }\n\n        \/* \u0631\u0642\u0645 \u0627\u0644\u0639\u062f\u062f \u0623\u0648 \u0627\u0644\u062a\u0627\u0631\u064a\u062e \u0627\u0644\u0639\u0627\u0626\u0645 *\/\n        .m-post-number {\n            position: absolute;\n            top: 20px;\n            left: 20px;\n            font-size: 40px;\n            font-weight: 900;\n            color: rgba(255,255,255,0.2);\n            line-height: 1;\n            z-index: 2;\n            font-family: sans-serif; \/* \u0644\u0644\u0623\u0631\u0642\u0627\u0645 *\/\n        }\n\n        \/* \u0645\u062d\u062a\u0648\u0649 \u0627\u0644\u0643\u0627\u0631\u062a \u0627\u0644\u0645\u0631\u062a\u0641\u0639 *\/\n        .m-content-box {\n            padding: 35px 20px 20px 0;\n            margin-top: -40px; \/* \u062a\u062f\u0627\u062e\u0644 \u0627\u0644\u0635\u0648\u0631\u0629 \u0645\u0639 \u0627\u0644\u0646\u0635 *\/\n            background: #fff;\n            width: 90%;\n            z-index: 3;\n            transition: all 0.4s ease;\n        }\n\n        .m-date-bar {\n            font-size: 12px;\n            font-weight: 700;\n            color: #888;\n            letter-spacing: 2px;\n            margin-bottom: 15px;\n            display: flex;\n            align-items: center;\n            gap: 10px;\n        }\n\n        .m-date-bar::before {\n            content: \"\";\n            width: 30px;\n            height: 2px;\n            background: #000;\n        }\n\n        .m-blog-title {\n            font-size: 30px !important;\n            font-weight: 900 !important;\n            color: #000000 !important;\n            margin-bottom: 20px !important;\n            line-height: 1.2 !important;\n            transition: transform 0.3s ease;\n        }\n\n        .m-blog-excerpt {\n            font-size: 16px !important;\n            color: #444 !important;\n            line-height: 1.8 !important;\n            margin-bottom: 25px;\n            border-right: 2px solid #eee;\n            padding-right: 15px;\n        }\n\n        .m-read-more {\n            display: flex;\n            align-items: center;\n            gap: 15px;\n            font-weight: 800;\n            font-size: 14px;\n            color: #000;\n            overflow: hidden;\n        }\n\n        .m-read-more i {\n            transition: transform 0.4s ease;\n        }\n\n        \/* \u062a\u0623\u062b\u064a\u0631\u0627\u062a \u0627\u0644\u0640 Hover *\/\n        .m-blog-card:hover .m-img-container img {\n            filter: grayscale(0%);\n            transform: scale(1.1);\n            opacity: 1;\n        }\n\n        .m-blog-card:hover .m-content-box {\n            padding-right: 10px; \/* \u062d\u0631\u0643\u0629 \u0628\u0633\u064a\u0637\u0629 \u0644\u0644\u0646\u0635 *\/\n        }\n\n        .m-blog-card:hover .m-read-more i {\n            transform: translateX(-10px);\n        }\n\n        .m-blog-card:hover .m-blog-title {\n            transform: translateY(-5px);\n        }\n\n        @media (max-width: 768px) {\n            .modern-blog-wrapper { grid-template-columns: 1fr; }\n            .m-blog-title { font-size: 24px !important; }\n            .m-img-container { height: 250px; }\n        }\n    <\/style>\n\n    <div class=\"modern-blog-wrapper\">\n                    <a href=\"https:\/\/almahab.store\/en\/mostbet-polska-szybkie-sesje-i-natychmiastowe-wygr\/\" class=\"m-blog-card\">\n                <div class=\"m-img-container\">\n                    <span class=\"m-post-number\">01<\/span>\n                                            <img decoding=\"async\" src=\"https:\/\/via.placeholder.com\/800x600.png?text=Article\" alt=\"blog\">\n                                    <\/div>\n\n                <div class=\"m-content-box\">\n                    <div class=\"m-date-bar\">\n                        Mar 31, 2026                    <\/div>\n                    \n                    <h2 class=\"m-blog-title\">Mostbet Polska \u2013 szybkie sesje i natychmiastowe wygrane w zak\u0142adach sportowych i slotach<\/h2>\n                    \n                    <div class=\"m-blog-excerpt\">\n                        W \u015bwiecie, gdzie czas to pieni\u0105dz, pobierz Mostbet i sprawd\u017a, jak p\u0142ynne i przyjemne mog\u0105 by\u0107 kr\u00f3tkie, intensywne...                    <\/div>\n\n                    <div class=\"m-read-more\">\n                        <span>\u0642\u0631\u0627\u0621\u0629 \u0627\u0644\u062a\u0641\u0627\u0635\u064a\u0644<\/span>\n                        <i class=\"fa-solid fa-arrow-left-long\"><\/i>\n                    <\/div>\n                <\/div>\n            <\/a>\n                    <a href=\"https:\/\/almahab.store\/en\/thepokies-quick-spin-slots-for-intense-play-sessio\/\" class=\"m-blog-card\">\n                <div class=\"m-img-container\">\n                    <span class=\"m-post-number\">02<\/span>\n                                            <img decoding=\"async\" src=\"https:\/\/via.placeholder.com\/800x600.png?text=Article\" alt=\"blog\">\n                                    <\/div>\n\n                <div class=\"m-content-box\">\n                    <div class=\"m-date-bar\">\n                        Mar 31, 2026                    <\/div>\n                    \n                    <h2 class=\"m-blog-title\">ThePokies: Quick Spin Slots for Intense Play Sessions<\/h2>\n                    \n                    <div class=\"m-blog-excerpt\">\n                        When the urge to hit a jackpot hits, you\u2019re looking for fast, adrenaline\u2011filled gameplay that rewards you in...                    <\/div>\n\n                    <div class=\"m-read-more\">\n                        <span>\u0642\u0631\u0627\u0621\u0629 \u0627\u0644\u062a\u0641\u0627\u0635\u064a\u0644<\/span>\n                        <i class=\"fa-solid fa-arrow-left-long\"><\/i>\n                    <\/div>\n                <\/div>\n            <\/a>\n                    <a href=\"https:\/\/almahab.store\/en\/bet-on-red-hurtige-gevinster-og-hjintensitet-slots\/\" class=\"m-blog-card\">\n                <div class=\"m-img-container\">\n                    <span class=\"m-post-number\">03<\/span>\n                                            <img decoding=\"async\" src=\"https:\/\/via.placeholder.com\/800x600.png?text=Article\" alt=\"blog\">\n                                    <\/div>\n\n                <div class=\"m-content-box\">\n                    <div class=\"m-date-bar\">\n                        Mar 30, 2026                    <\/div>\n                    \n                    <h2 class=\"m-blog-title\">Bet On Red: Hurtige Gevinster og H\u00f8j\u2011Intensitet Slots for den Moderne Spiller<\/h2>\n                    \n                    <div class=\"m-blog-excerpt\">\n                        I en verden hvor en kaffepause kan fungere som en gaming session, leverer Bet On Red den perfekte...                    <\/div>\n\n                    <div class=\"m-read-more\">\n                        <span>\u0642\u0631\u0627\u0621\u0629 \u0627\u0644\u062a\u0641\u0627\u0635\u064a\u0644<\/span>\n                        <i class=\"fa-solid fa-arrow-left-long\"><\/i>\n                    <\/div>\n                <\/div>\n            <\/a>\n                    <a href=\"https:\/\/almahab.store\/en\/casinia-casino-nopeatpelit-ja-vlittmt-voitot\/\" class=\"m-blog-card\">\n                <div class=\"m-img-container\">\n                    <span class=\"m-post-number\">04<\/span>\n                                            <img decoding=\"async\" src=\"https:\/\/via.placeholder.com\/800x600.png?text=Article\" alt=\"blog\">\n                                    <\/div>\n\n                <div class=\"m-content-box\">\n                    <div class=\"m-date-bar\">\n                        Mar 30, 2026                    <\/div>\n                    \n                    <h2 class=\"m-blog-title\">Casinia Casino: Nopeat\u2011pelit ja v\u00e4litt\u00f6m\u00e4t voitot<\/h2>\n                    \n                    <div class=\"m-blog-excerpt\">\n                        Casinia on luonut nichen pelaajille, jotka kaipaavat adrenaliinia t\u00e4ynn\u00e4 olevia toimintav\u00e4l\u00e4hdyksi\u00e4 maratonipelaamisen sijaan. Alustan laaja kirjastossa, jossa on...                    <\/div>\n\n                    <div class=\"m-read-more\">\n                        <span>\u0642\u0631\u0627\u0621\u0629 \u0627\u0644\u062a\u0641\u0627\u0635\u064a\u0644<\/span>\n                        <i class=\"fa-solid fa-arrow-left-long\"><\/i>\n                    <\/div>\n                <\/div>\n            <\/a>\n                    <a href=\"https:\/\/almahab.store\/en\/bet-hall-vincite-veloci-alle-slot-e-gioco-mobile-p\/\" class=\"m-blog-card\">\n                <div class=\"m-img-container\">\n                    <span class=\"m-post-number\">05<\/span>\n                                            <img decoding=\"async\" src=\"https:\/\/via.placeholder.com\/800x600.png?text=Article\" alt=\"blog\">\n                                    <\/div>\n\n                <div class=\"m-content-box\">\n                    <div class=\"m-date-bar\">\n                        Mar 30, 2026                    <\/div>\n                    \n                    <h2 class=\"m-blog-title\">Bet Hall: Vincite Veloci alle Slot e Gioco Mobile per Sessioni Brevi e ad Alta Intensit\u00e0<\/h2>\n                    \n                    <div class=\"m-blog-excerpt\">\n                        1. Il Battito del Fast\u2011Play su Bet Hall Bet Hall ha creato una nicchia per i giocatori che...                    <\/div>\n\n                    <div class=\"m-read-more\">\n                        <span>\u0642\u0631\u0627\u0621\u0629 \u0627\u0644\u062a\u0641\u0627\u0635\u064a\u0644<\/span>\n                        <i class=\"fa-solid fa-arrow-left-long\"><\/i>\n                    <\/div>\n                <\/div>\n            <\/a>\n                    <a href=\"https:\/\/almahab.store\/en\/golden-panda-casino-mobilefirst-slots-quick-wins\/\" class=\"m-blog-card\">\n                <div class=\"m-img-container\">\n                    <span class=\"m-post-number\">06<\/span>\n                                            <img decoding=\"async\" src=\"https:\/\/via.placeholder.com\/800x600.png?text=Article\" alt=\"blog\">\n                                    <\/div>\n\n                <div class=\"m-content-box\">\n                    <div class=\"m-date-bar\">\n                        Mar 30, 2026                    <\/div>\n                    \n                    <h2 class=\"m-blog-title\">Golden Panda Casino: Mobile\u2011First Slots &#038; Quick Wins<\/h2>\n                    \n                    <div class=\"m-blog-excerpt\">\n                        Haben Sie jemals ein paar Minuten auf Ihrem Handy gehabt, w\u00e4hrend Sie auf den Bus warten, und durch...                    <\/div>\n\n                    <div class=\"m-read-more\">\n                        <span>\u0642\u0631\u0627\u0621\u0629 \u0627\u0644\u062a\u0641\u0627\u0635\u064a\u0644<\/span>\n                        <i class=\"fa-solid fa-arrow-left-long\"><\/i>\n                    <\/div>\n                <\/div>\n            <\/a>\n            <\/div>\n\n    <\/div>\n\t\t\t\t\t\t<\/div>\n\t\t\t\t<\/div>\n\t\t\t\t<\/div>","protected":false},"excerpt":{"rendered":"<p>\u0627\u0644\u0645\u062f\u0648\u0646\u0629 \u0631\u0624\u0649 \u0648\u0623\u0641\u0643\u0627\u0631 \u0648\u062e\u0628\u0631\u0627\u062a \u0627\u0644\u0645\u062f\u0648\u0646\u0629 \u0627\u0644\u062a\u064a \u062a\u062c\u0645\u0639 \u0628\u064a\u0646 \u0627\u0644\u0645\u0639\u0631\u0641\u0629 \u0627\u0644\u0645\u0647\u0646\u064a\u0629 \u0648\u0627\u0644\u0625\u0644\u0647\u0627\u0645 \u0627\u0644\u0639\u0645\u0644\u064a \u0641\u064a \u0645\u062f\u0648\u0646\u062a\u0646\u0627 \u0646\u0634\u0627\u0631\u0643 \u0623\u062d\u062f\u062b \u0627\u0644\u0645\u0642\u0627\u0644\u0627\u062a \u0648\u0627\u0644\u0631\u0624\u0649 \u0627\u0644\u0645\u062a\u0639\u0644\u0642\u0629 \u0628\u0627\u0644\u062a\u0635\u0645\u064a\u0645\u060c [&hellip;]<\/p>\n","protected":false},"author":1,"featured_media":0,"parent":0,"menu_order":0,"comment_status":"closed","ping_status":"closed","template":"","meta":{"site-sidebar-layout":"no-sidebar","site-content-layout":"","ast-site-content-layout":"full-width-container","site-content-style":"default","site-sidebar-style":"default","ast-global-header-display":"","ast-banner-title-visibility":"","ast-main-header-display":"","ast-hfb-above-header-display":"","ast-hfb-below-header-display":"","ast-hfb-mobile-header-display":"","site-post-title":"disabled","ast-breadcrumbs-content":"","ast-featured-img":"disabled","footer-sml-layout":"","ast-disable-related-posts":"","theme-transparent-header-meta":"default","adv-header-id-meta":"","stick-header-meta":"","header-above-stick-meta":"","header-main-stick-meta":"","header-below-stick-meta":"","astra-migrate-meta-layouts":"set","ast-page-background-enabled":"default","ast-page-background-meta":{"desktop":{"background-color":"var(--ast-global-color-5)","background-image":"","background-repeat":"repeat","background-position":"center center","background-size":"auto","background-attachment":"scroll","background-type":"","background-media":"","overlay-type":"","overlay-color":"","overlay-opacity":"","overlay-gradient":""},"tablet":{"background-color":"","background-image":"","background-repeat":"repeat","background-position":"center center","background-size":"auto","background-attachment":"scroll","background-type":"","background-media":"","overlay-type":"","overlay-color":"","overlay-opacity":"","overlay-gradient":""},"mobile":{"background-color":"","background-image":"","background-repeat":"repeat","background-position":"center center","background-size":"auto","background-attachment":"scroll","background-type":"","background-media":"","overlay-type":"","overlay-color":"","overlay-opacity":"","overlay-gradient":""}},"ast-content-background-meta":{"desktop":{"background-color":"var(--ast-global-color-4)","background-image":"","background-repeat":"repeat","background-position":"center center","background-size":"auto","background-attachment":"scroll","background-type":"","background-media":"","overlay-type":"","overlay-color":"","overlay-opacity":"","overlay-gradient":""},"tablet":{"background-color":"var(--ast-global-color-4)","background-image":"","background-repeat":"repeat","background-position":"center center","background-size":"auto","background-attachment":"scroll","background-type":"","background-media":"","overlay-type":"","overlay-color":"","overlay-opacity":"","overlay-gradient":""},"mobile":{"background-color":"var(--ast-global-color-4)","background-image":"","background-repeat":"repeat","background-position":"center center","background-size":"auto","background-attachment":"scroll","background-type":"","background-media":"","overlay-type":"","overlay-color":"","overlay-opacity":"","overlay-gradient":""}},"footnotes":""},"class_list":["post-156","page","type-page","status-publish","hentry"],"_links":{"self":[{"href":"https:\/\/almahab.store\/en\/wp-json\/wp\/v2\/pages\/156","targetHints":{"allow":["GET"]}}],"collection":[{"href":"https:\/\/almahab.store\/en\/wp-json\/wp\/v2\/pages"}],"about":[{"href":"https:\/\/almahab.store\/en\/wp-json\/wp\/v2\/types\/page"}],"author":[{"embeddable":true,"href":"https:\/\/almahab.store\/en\/wp-json\/wp\/v2\/users\/1"}],"replies":[{"embeddable":true,"href":"https:\/\/almahab.store\/en\/wp-json\/wp\/v2\/comments?post=156"}],"version-history":[{"count":22,"href":"https:\/\/almahab.store\/en\/wp-json\/wp\/v2\/pages\/156\/revisions"}],"predecessor-version":[{"id":1047,"href":"https:\/\/almahab.store\/en\/wp-json\/wp\/v2\/pages\/156\/revisions\/1047"}],"wp:attachment":[{"href":"https:\/\/almahab.store\/en\/wp-json\/wp\/v2\/media?parent=156"}],"curies":[{"name":"wp","href":"https:\/\/api.w.org\/{rel}","templated":true}]}}